{"id":11766,"date":"2021-12-25T08:49:46","date_gmt":"2021-12-25T08:49:46","guid":{"rendered":"https:\/\/gesundeschule.com\/?page_id=11766"},"modified":"2022-01-09T14:16:10","modified_gmt":"2022-01-09T14:16:10","slug":"forschung","status":"publish","type":"page","link":"https:\/\/gesundeschule.com\/index.php\/forschung\/","title":{"rendered":"FORSCHUNG"},"content":{"rendered":"\t\t<div data-elementor-type=\"wp-page\" data-elementor-id=\"11766\" class=\"elementor elementor-11766\" data-elementor-post-type=\"page\">\n\t\t\t\t\t\t<section class=\"elementor-section elementor-top-section elementor-element elementor-element-82e86d7 elementor-section-stretched elementor-section-boxed elementor-section-height-default elementor-section-height-default\" data-id=\"82e86d7\" data-element_type=\"section\" data-settings=\"{&quot;stretch_section&quot;:&quot;section-stretched&quot;,&quot;background_background&quot;:&quot;slideshow&quot;,&quot;background_slideshow_gallery&quot;:[{&quot;id&quot;:11778,&quot;url&quot;:&quot;https:\\\/\\\/gesundeschule.com\\\/wp-content\\\/uploads\\\/2021\\\/12\\\/GALERIE-BILDER-SCHULE-2873-scaled.jpg&quot;}],&quot;background_slideshow_loop&quot;:&quot;yes&quot;,&quot;background_slideshow_slide_duration&quot;:5000,&quot;background_slideshow_slide_transition&quot;:&quot;fade&quot;,&quot;background_slideshow_transition_duration&quot;:500}\">\n\t\t\t\t\t\t<div class=\"elementor-container elementor-column-gap-default\">\n\t\t\t\t\t<div class=\"elementor-column elementor-col-33 elementor-top-column elementor-element elementor-element-0e9a40b\" data-id=\"0e9a40b\" data-element_type=\"column\" data-settings=\"{&quot;background_background&quot;:&quot;classic&quot;}\">\n\t\t\t<div class=\"elementor-widget-wrap elementor-element-populated\">\n\t\t\t\t\t\t<div class=\"elementor-element elementor-element-87c4082 elementor-widget elementor-widget-heading\" data-id=\"87c4082\" data-element_type=\"widget\" data-widget_type=\"heading.default\">\n\t\t\t\t\t<h2 class=\"elementor-heading-title elementor-size-default\">FORSCHUNG<\/h2>\t\t\t\t<\/div>\n\t\t\t\t<div class=\"elementor-element elementor-element-74031fd elementor-widget elementor-widget-text-editor\" data-id=\"74031fd\" data-element_type=\"widget\" data-widget_type=\"text-editor.default\">\n\t\t\t\t\t\t\t\t\t<p>Jedes wissenschaftliche Projekt ben\u00f6tigt intensive und sorgf\u00e4ltige Dokumentation und Evaluation. Nur so k\u00f6nnen daraus R\u00fcckschl\u00fcsse f\u00fcr das weitere Verfahren gezogen werden.<\/p>\t\t\t\t\t\t\t\t<\/div>\n\t\t\t\t\t<\/div>\n\t\t<\/div>\n\t\t\t\t<div class=\"elementor-column elementor-col-33 elementor-top-column elementor-element elementor-element-087a142\" data-id=\"087a142\" data-element_type=\"column\">\n\t\t\t<div class=\"elementor-widget-wrap\">\n\t\t\t\t\t\t\t<\/div>\n\t\t<\/div>\n\t\t\t\t<div class=\"elementor-column elementor-col-33 elementor-top-column elementor-element elementor-element-34bb6f0\" data-id=\"34bb6f0\" data-element_type=\"column\">\n\t\t\t<div class=\"elementor-widget-wrap\">\n\t\t\t\t\t\t\t<\/div>\n\t\t<\/div>\n\t\t\t\t\t<\/div>\n\t\t<\/section>\n\t\t\t\t<section class=\"elementor-section elementor-top-section elementor-element elementor-element-dcf6ea9 elementor-section-stretched elementor-section-boxed elementor-section-height-default elementor-section-height-default\" data-id=\"dcf6ea9\" data-element_type=\"section\" data-settings=\"{&quot;stretch_section&quot;:&quot;section-stretched&quot;}\">\n\t\t\t\t\t\t<div class=\"elementor-container elementor-column-gap-default\">\n\t\t\t\t\t<div class=\"elementor-column elementor-col-16 elementor-top-column elementor-element elementor-element-8c14d5f\" data-id=\"8c14d5f\" data-element_type=\"column\">\n\t\t\t<div class=\"elementor-widget-wrap\">\n\t\t\t\t\t\t\t<\/div>\n\t\t<\/div>\n\t\t\t\t<div class=\"elementor-column elementor-col-66 elementor-top-column elementor-element elementor-element-7d8c794\" data-id=\"7d8c794\" data-element_type=\"column\">\n\t\t\t<div class=\"elementor-widget-wrap elementor-element-populated\">\n\t\t\t\t\t\t<div class=\"elementor-element elementor-element-10f1e9f elementor-widget elementor-widget-spacer\" data-id=\"10f1e9f\" data-element_type=\"widget\" data-widget_type=\"spacer.default\">\n\t\t\t\t\t\t\t<div class=\"elementor-spacer\">\n\t\t\t<div class=\"elementor-spacer-inner\"><\/div>\n\t\t<\/div>\n\t\t\t\t\t\t<\/div>\n\t\t\t\t<div class=\"elementor-element elementor-element-8584cec elementor-widget elementor-widget-heading\" data-id=\"8584cec\" data-element_type=\"widget\" data-widget_type=\"heading.default\">\n\t\t\t\t\t<h3 class=\"elementor-heading-title elementor-size-default\">FORSCHUNG\u00a0ERF\u00dcLLT\u00a0DEN\u00a0MENSCHLICHEN\u00a0URINSTINKT\n<\/h3>\t\t\t\t<\/div>\n\t\t\t\t<div class=\"elementor-element elementor-element-c7210d2 elementor-widget elementor-widget-text-editor\" data-id=\"c7210d2\" data-element_type=\"widget\" data-widget_type=\"text-editor.default\">\n\t\t\t\t\t\t\t\t\t<p>In den Prozess unser wissenschaftlichen Begleitung werden neben den Sch\u00fclerinnen und Sch\u00fclern auch die Lehrerinnen und Lehrer, sowie die Eltern (als unmittelbarer Bestandteil des sozialen Umfeldes und soziale \u201eRole models\u201c) einbezogen.<\/p>\t\t\t\t\t\t\t\t<\/div>\n\t\t\t\t<div class=\"elementor-element elementor-element-cb39b0f elementor-widget elementor-widget-spacer\" data-id=\"cb39b0f\" data-element_type=\"widget\" data-widget_type=\"spacer.default\">\n\t\t\t\t\t\t\t<div class=\"elementor-spacer\">\n\t\t\t<div class=\"elementor-spacer-inner\"><\/div>\n\t\t<\/div>\n\t\t\t\t\t\t<\/div>\n\t\t\t\t<section class=\"elementor-section elementor-inner-section elementor-element elementor-element-8b0de43 elementor-section-boxed elementor-section-height-default elementor-section-height-default\" data-id=\"8b0de43\" data-element_type=\"section\" data-settings=\"{&quot;background_background&quot;:&quot;classic&quot;}\">\n\t\t\t\t\t\t\t<div class=\"elementor-background-overlay\"><\/div>\n\t\t\t\t\t\t\t<div class=\"elementor-container elementor-column-gap-no\">\n\t\t\t\t\t<div class=\"elementor-column elementor-col-50 elementor-inner-column elementor-element elementor-element-dc3ad8f\" data-id=\"dc3ad8f\" data-element_type=\"column\" data-settings=\"{&quot;background_background&quot;:&quot;classic&quot;}\">\n\t\t\t<div class=\"elementor-widget-wrap elementor-element-populated\">\n\t\t\t\t\t\t<div class=\"elementor-element elementor-element-7354190 elementor-widget elementor-widget-image\" data-id=\"7354190\" data-element_type=\"widget\" data-widget_type=\"image.default\">\n\t\t\t\t\t\t\t\t\t\t\t\t\t\t\t<img fetchpriority=\"high\" decoding=\"async\" width=\"640\" height=\"428\" src=\"https:\/\/gesundeschule.com\/wp-content\/uploads\/2021\/12\/GALERIE-BILDER-SCHULE-2872-1024x685.jpg\" class=\"attachment-large size-large wp-image-11777\" alt=\"\" srcset=\"https:\/\/gesundeschule.com\/wp-content\/uploads\/2021\/12\/GALERIE-BILDER-SCHULE-2872-1024x685.jpg 1024w, https:\/\/gesundeschule.com\/wp-content\/uploads\/2021\/12\/GALERIE-BILDER-SCHULE-2872-300x201.jpg 300w, https:\/\/gesundeschule.com\/wp-content\/uploads\/2021\/12\/GALERIE-BILDER-SCHULE-2872-768x514.jpg 768w, https:\/\/gesundeschule.com\/wp-content\/uploads\/2021\/12\/GALERIE-BILDER-SCHULE-2872-1536x1028.jpg 1536w, https:\/\/gesundeschule.com\/wp-content\/uploads\/2021\/12\/GALERIE-BILDER-SCHULE-2872-2048x1371.jpg 2048w, https:\/\/gesundeschule.com\/wp-content\/uploads\/2021\/12\/GALERIE-BILDER-SCHULE-2872-24x16.jpg 24w, https:\/\/gesundeschule.com\/wp-content\/uploads\/2021\/12\/GALERIE-BILDER-SCHULE-2872-36x24.jpg 36w, https:\/\/gesundeschule.com\/wp-content\/uploads\/2021\/12\/GALERIE-BILDER-SCHULE-2872-48x32.jpg 48w, https:\/\/gesundeschule.com\/wp-content\/uploads\/2021\/12\/GALERIE-BILDER-SCHULE-2872-600x402.jpg 600w, https:\/\/gesundeschule.com\/wp-content\/uploads\/2021\/12\/GALERIE-BILDER-SCHULE-2872-272x182.jpg 272w\" sizes=\"(max-width: 640px) 100vw, 640px\" \/>\t\t\t\t\t\t\t\t\t\t\t\t\t\t\t<\/div>\n\t\t\t\t\t<\/div>\n\t\t<\/div>\n\t\t\t\t<div class=\"elementor-column elementor-col-50 elementor-inner-column elementor-element elementor-element-752d4ed\" data-id=\"752d4ed\" data-element_type=\"column\">\n\t\t\t<div class=\"elementor-widget-wrap elementor-element-populated\">\n\t\t\t\t\t\t<div class=\"elementor-element elementor-element-613fe33 elementor-position-left elementor-view-default elementor-mobile-position-top elementor-widget elementor-widget-icon-box\" data-id=\"613fe33\" data-element_type=\"widget\" data-widget_type=\"icon-box.default\">\n\t\t\t\t\t\t\t<div class=\"elementor-icon-box-wrapper\">\n\n\t\t\t\t\t\t<div class=\"elementor-icon-box-icon\">\n\t\t\t\t<span  class=\"elementor-icon\">\n\t\t\t\t<svg xmlns=\"http:\/\/www.w3.org\/2000\/svg\" xmlns:xlink=\"http:\/\/www.w3.org\/1999\/xlink\" id=\"body_1\" width=\"30\" height=\"30\"><g transform=\"matrix(1.3333334 0 0 1.3333334 0 0)\"><image x=\"0\" y=\"0\" xlink:href=\"data:image\/png;base64,iVBORw0KGgoAAAANSUhEUgAAAB4AAAAeCAYAAAA7MK6iAAAABGdBTUEAALGPC\/xhBQAAAAFzUkdCAK7OHOkAAAAgY0hSTQAAeiYAAICEAAD6AAAAgOgAAHUwAADqYAAAOpgAABdwnLpRPAAAAHxJREFUSInt1skJgDAQQNGPPZj++9ACRDzZkF70ZpIZmMVDPuT8hkAWGI36FWAH1kh0Bk7gelYKGgJ\/oe5wDXWFW6gb3ENdYAlqDktRU1iDmsKHAlXBk+WUlqVttRY3L+U4aXC3Uq5MCe5eyrPYwsNK+fq8FWADlmh49O9uaWqKy9bkhWYAAAAASUVORK5CYII=\" width=\"22.5\" height=\"22.5\"><\/image><\/g><\/svg>\t\t\t\t<\/span>\n\t\t\t<\/div>\n\t\t\t\n\t\t\t\t\t\t<div class=\"elementor-icon-box-content\">\n\n\t\t\t\t\t\t\t\t\t<p class=\"elementor-icon-box-title\">\n\t\t\t\t\t\t<span  >\n\t\t\t\t\t\t\tFolgende Methoden der qualitativen und quantitativen Forschung werden f\u00fcr die Evaluierung der Ma\u00dfnahme verwendet: \t\t\t\t\t\t<\/span>\n\t\t\t\t\t<\/p>\n\t\t\t\t\n\t\t\t\t\n\t\t\t<\/div>\n\t\t\t\n\t\t<\/div>\n\t\t\t\t\t\t<\/div>\n\t\t\t\t\t<\/div>\n\t\t<\/div>\n\t\t\t\t\t<\/div>\n\t\t<\/section>\n\t\t\t\t<section class=\"elementor-section elementor-inner-section elementor-element elementor-element-fb6d101 elementor-section-boxed elementor-section-height-default elementor-section-height-default\" data-id=\"fb6d101\" data-element_type=\"section\" data-settings=\"{&quot;background_background&quot;:&quot;classic&quot;}\">\n\t\t\t\t\t\t\t<div class=\"elementor-background-overlay\"><\/div>\n\t\t\t\t\t\t\t<div class=\"elementor-container elementor-column-gap-no\">\n\t\t\t\t\t<div class=\"elementor-column elementor-col-50 elementor-inner-column elementor-element elementor-element-6667d63\" data-id=\"6667d63\" data-element_type=\"column\">\n\t\t\t<div class=\"elementor-widget-wrap elementor-element-populated\">\n\t\t\t\t\t\t<div class=\"elementor-element elementor-element-7a1dd4d elementor-position-right elementor-view-default elementor-mobile-position-top elementor-widget elementor-widget-icon-box\" data-id=\"7a1dd4d\" data-element_type=\"widget\" data-widget_type=\"icon-box.default\">\n\t\t\t\t\t\t\t<div class=\"elementor-icon-box-wrapper\">\n\n\t\t\t\t\t\t<div class=\"elementor-icon-box-icon\">\n\t\t\t\t<span  class=\"elementor-icon\">\n\t\t\t\t<svg xmlns=\"http:\/\/www.w3.org\/2000\/svg\" xmlns:xlink=\"http:\/\/www.w3.org\/1999\/xlink\" id=\"body_1\" width=\"30\" height=\"30\"><g transform=\"matrix(1.3333334 0 0 1.3333334 0 0)\"><image x=\"0\" y=\"0\" xlink:href=\"data:image\/png;base64,iVBORw0KGgoAAAANSUhEUgAAAB4AAAAeCAYAAAA7MK6iAAAABGdBTUEAALGPC\/xhBQAAAAFzUkdCAK7OHOkAAAAgY0hSTQAAeiYAAICEAAD6AAAAgOgAAHUwAADqYAAAOpgAABdwnLpRPAAAAINJREFUSInt1ssJgDAQRdGLRYj234YFiBZgOXGhoIT8hLwJQi5kOyfMaqDXe1qADRitYXe\/A5hbwOa4oxHuw2Z4CDbBY7AcT8FSPAfL8BJYgpfCDthzw4aaP1P1ZdWTNVwdLYElaA6WoSlYisZgORqCTVAfNkPfsCkK17G30uDY6\/2zE6OSi2RvptvnAAAAAElFTkSuQmCC\" width=\"22.5\" height=\"22.5\"><\/image><\/g><\/svg>\t\t\t\t<\/span>\n\t\t\t<\/div>\n\t\t\t\n\t\t\t\t\t\t<div class=\"elementor-icon-box-content\">\n\n\t\t\t\t\t\t\t\t\t<h4 class=\"elementor-icon-box-title\">\n\t\t\t\t\t\t<span  >\n\t\t\t\t\t\t\tSch\u00fcler:\t\t\t\t\t\t<\/span>\n\t\t\t\t\t<\/h4>\n\t\t\t\t\n\t\t\t\t\t\t\t\t\t<p class=\"elementor-icon-box-description\">\n\t\t\t\t\t\t\n\t\u2022\tMotorischer Eingangstest<\/br>\n\t\u2022\tEingangsfragebogen (anthropometrische Daten, Fragen zur Freizeitgestaltung, sportlichen Aktivit\u00e4ten, Medienkonsum etc.)<\/br>\n\t\u2022\tWissensstandspr\u00fcfung mittels eines Tests<\/br>\n\t\u2022\tUnterrichtseinheitenprotokolle<\/br>\n\t\u2022\tSch\u00fclerfragebogen \u201eSag uns deine Meinung!\u201c\t\t\t\t\t<\/p>\n\t\t\t\t\n\t\t\t<\/div>\n\t\t\t\n\t\t<\/div>\n\t\t\t\t\t\t<\/div>\n\t\t\t\t\t<\/div>\n\t\t<\/div>\n\t\t\t\t<div class=\"elementor-column elementor-col-50 elementor-inner-column elementor-element elementor-element-ec9cbc3\" data-id=\"ec9cbc3\" data-element_type=\"column\" data-settings=\"{&quot;background_background&quot;:&quot;classic&quot;}\">\n\t\t\t<div class=\"elementor-widget-wrap elementor-element-populated\">\n\t\t\t\t\t\t<div class=\"elementor-element elementor-element-577af48 elementor-widget elementor-widget-image\" data-id=\"577af48\" data-element_type=\"widget\" data-widget_type=\"image.default\">\n\t\t\t\t\t\t\t\t\t\t\t\t\t\t\t<img decoding=\"async\" width=\"640\" height=\"428\" src=\"https:\/\/gesundeschule.com\/wp-content\/uploads\/2021\/12\/GALERIE-BILDER-SCHULE-2878-1024x685.jpg\" class=\"attachment-large size-large wp-image-11779\" alt=\"\" srcset=\"https:\/\/gesundeschule.com\/wp-content\/uploads\/2021\/12\/GALERIE-BILDER-SCHULE-2878-1024x685.jpg 1024w, https:\/\/gesundeschule.com\/wp-content\/uploads\/2021\/12\/GALERIE-BILDER-SCHULE-2878-300x201.jpg 300w, https:\/\/gesundeschule.com\/wp-content\/uploads\/2021\/12\/GALERIE-BILDER-SCHULE-2878-768x514.jpg 768w, https:\/\/gesundeschule.com\/wp-content\/uploads\/2021\/12\/GALERIE-BILDER-SCHULE-2878-1536x1028.jpg 1536w, https:\/\/gesundeschule.com\/wp-content\/uploads\/2021\/12\/GALERIE-BILDER-SCHULE-2878-24x16.jpg 24w, https:\/\/gesundeschule.com\/wp-content\/uploads\/2021\/12\/GALERIE-BILDER-SCHULE-2878-36x24.jpg 36w, https:\/\/gesundeschule.com\/wp-content\/uploads\/2021\/12\/GALERIE-BILDER-SCHULE-2878-48x32.jpg 48w, https:\/\/gesundeschule.com\/wp-content\/uploads\/2021\/12\/GALERIE-BILDER-SCHULE-2878-600x402.jpg 600w, https:\/\/gesundeschule.com\/wp-content\/uploads\/2021\/12\/GALERIE-BILDER-SCHULE-2878-272x182.jpg 272w, https:\/\/gesundeschule.com\/wp-content\/uploads\/2021\/12\/GALERIE-BILDER-SCHULE-2878.jpg 1936w\" sizes=\"(max-width: 640px) 100vw, 640px\" \/>\t\t\t\t\t\t\t\t\t\t\t\t\t\t\t<\/div>\n\t\t\t\t\t<\/div>\n\t\t<\/div>\n\t\t\t\t\t<\/div>\n\t\t<\/section>\n\t\t\t\t<section class=\"elementor-section elementor-inner-section elementor-element elementor-element-31f287f elementor-section-boxed elementor-section-height-default elementor-section-height-default\" data-id=\"31f287f\" data-element_type=\"section\" data-settings=\"{&quot;background_background&quot;:&quot;classic&quot;}\">\n\t\t\t\t\t\t\t<div class=\"elementor-background-overlay\"><\/div>\n\t\t\t\t\t\t\t<div class=\"elementor-container elementor-column-gap-no\">\n\t\t\t\t\t<div class=\"elementor-column elementor-col-50 elementor-inner-column elementor-element elementor-element-c072326\" data-id=\"c072326\" data-element_type=\"column\" data-settings=\"{&quot;background_background&quot;:&quot;classic&quot;}\">\n\t\t\t<div class=\"elementor-widget-wrap elementor-element-populated\">\n\t\t\t\t\t\t<div class=\"elementor-element elementor-element-181e86f elementor-widget elementor-widget-image\" data-id=\"181e86f\" data-element_type=\"widget\" data-widget_type=\"image.default\">\n\t\t\t\t\t\t\t\t\t\t\t\t\t\t\t<img decoding=\"async\" width=\"640\" height=\"428\" src=\"https:\/\/gesundeschule.com\/wp-content\/uploads\/2021\/12\/GALERIE-BILDER-SCHULE-2880-1024x685.jpg\" class=\"attachment-large size-large wp-image-11780\" alt=\"\" srcset=\"https:\/\/gesundeschule.com\/wp-content\/uploads\/2021\/12\/GALERIE-BILDER-SCHULE-2880-1024x685.jpg 1024w, https:\/\/gesundeschule.com\/wp-content\/uploads\/2021\/12\/GALERIE-BILDER-SCHULE-2880-300x201.jpg 300w, https:\/\/gesundeschule.com\/wp-content\/uploads\/2021\/12\/GALERIE-BILDER-SCHULE-2880-768x514.jpg 768w, https:\/\/gesundeschule.com\/wp-content\/uploads\/2021\/12\/GALERIE-BILDER-SCHULE-2880-1536x1028.jpg 1536w, https:\/\/gesundeschule.com\/wp-content\/uploads\/2021\/12\/GALERIE-BILDER-SCHULE-2880-24x16.jpg 24w, https:\/\/gesundeschule.com\/wp-content\/uploads\/2021\/12\/GALERIE-BILDER-SCHULE-2880-36x24.jpg 36w, https:\/\/gesundeschule.com\/wp-content\/uploads\/2021\/12\/GALERIE-BILDER-SCHULE-2880-48x32.jpg 48w, https:\/\/gesundeschule.com\/wp-content\/uploads\/2021\/12\/GALERIE-BILDER-SCHULE-2880-600x402.jpg 600w, https:\/\/gesundeschule.com\/wp-content\/uploads\/2021\/12\/GALERIE-BILDER-SCHULE-2880-272x182.jpg 272w, https:\/\/gesundeschule.com\/wp-content\/uploads\/2021\/12\/GALERIE-BILDER-SCHULE-2880.jpg 1936w\" sizes=\"(max-width: 640px) 100vw, 640px\" \/>\t\t\t\t\t\t\t\t\t\t\t\t\t\t\t<\/div>\n\t\t\t\t\t<\/div>\n\t\t<\/div>\n\t\t\t\t<div class=\"elementor-column elementor-col-50 elementor-inner-column elementor-element elementor-element-77767ad\" data-id=\"77767ad\" data-element_type=\"column\">\n\t\t\t<div class=\"elementor-widget-wrap elementor-element-populated\">\n\t\t\t\t\t\t<div class=\"elementor-element elementor-element-e8b6932 elementor-position-left elementor-view-default elementor-mobile-position-top elementor-widget elementor-widget-icon-box\" data-id=\"e8b6932\" data-element_type=\"widget\" data-widget_type=\"icon-box.default\">\n\t\t\t\t\t\t\t<div class=\"elementor-icon-box-wrapper\">\n\n\t\t\t\t\t\t<div class=\"elementor-icon-box-icon\">\n\t\t\t\t<span  class=\"elementor-icon\">\n\t\t\t\t<svg xmlns=\"http:\/\/www.w3.org\/2000\/svg\" xmlns:xlink=\"http:\/\/www.w3.org\/1999\/xlink\" id=\"body_1\" width=\"30\" height=\"30\"><g transform=\"matrix(1.3333334 0 0 1.3333334 0 0)\"><image x=\"0\" y=\"0\" xlink:href=\"data:image\/png;base64,iVBORw0KGgoAAAANSUhEUgAAAB4AAAAeCAYAAAA7MK6iAAAABGdBTUEAALGPC\/xhBQAAAAFzUkdCAK7OHOkAAAAgY0hSTQAAeiYAAICEAAD6AAAAgOgAAHUwAADqYAAAOpgAABdwnLpRPAAAAHxJREFUSInt1skJgDAQQNGPPZj++9ACRDzZkF70ZpIZmMVDPuT8hkAWGI36FWAH1kh0Bk7gelYKGgJ\/oe5wDXWFW6gb3ENdYAlqDktRU1iDmsKHAlXBk+WUlqVttRY3L+U4aXC3Uq5MCe5eyrPYwsNK+fq8FWADlmh49O9uaWqKy9bkhWYAAAAASUVORK5CYII=\" width=\"22.5\" height=\"22.5\"><\/image><\/g><\/svg>\t\t\t\t<\/span>\n\t\t\t<\/div>\n\t\t\t\n\t\t\t\t\t\t<div class=\"elementor-icon-box-content\">\n\n\t\t\t\t\t\t\t\t\t<h4 class=\"elementor-icon-box-title\">\n\t\t\t\t\t\t<span  >\n\t\t\t\t\t\t\tLehrer und Eltern:\t\t\t\t\t\t<\/span>\n\t\t\t\t\t<\/h4>\n\t\t\t\t\n\t\t\t\t\t\t\t\t\t<p class=\"elementor-icon-box-description\">\n\t\t\t\t\t\t\u2022\tElternbefragung\u00a0<\/br>\n\t\u2022\tBefragung der Sportlehrer\/ Ansprechpartner<\/br>\n\t\u2022\tLehrerfragebogen \u201eSagen Sie uns Ihre Meinung!\u201c\n\n\t\t\t\t\t<\/p>\n\t\t\t\t\n\t\t\t<\/div>\n\t\t\t\n\t\t<\/div>\n\t\t\t\t\t\t<\/div>\n\t\t\t\t\t<\/div>\n\t\t<\/div>\n\t\t\t\t\t<\/div>\n\t\t<\/section>\n\t\t\t\t<section class=\"elementor-section elementor-inner-section elementor-element elementor-element-557b9b0 elementor-section-boxed elementor-section-height-default elementor-section-height-default\" data-id=\"557b9b0\" data-element_type=\"section\" data-settings=\"{&quot;background_background&quot;:&quot;classic&quot;}\">\n\t\t\t\t\t\t\t<div class=\"elementor-background-overlay\"><\/div>\n\t\t\t\t\t\t\t<div class=\"elementor-container elementor-column-gap-no\">\n\t\t\t\t\t<div class=\"elementor-column elementor-col-50 elementor-inner-column elementor-element elementor-element-6234306\" data-id=\"6234306\" data-element_type=\"column\">\n\t\t\t<div class=\"elementor-widget-wrap elementor-element-populated\">\n\t\t\t\t\t\t<div class=\"elementor-element elementor-element-efb1fbc elementor-position-right elementor-view-default elementor-mobile-position-top elementor-widget elementor-widget-icon-box\" data-id=\"efb1fbc\" data-element_type=\"widget\" data-widget_type=\"icon-box.default\">\n\t\t\t\t\t\t\t<div class=\"elementor-icon-box-wrapper\">\n\n\t\t\t\t\t\t<div class=\"elementor-icon-box-icon\">\n\t\t\t\t<span  class=\"elementor-icon\">\n\t\t\t\t<svg xmlns=\"http:\/\/www.w3.org\/2000\/svg\" xmlns:xlink=\"http:\/\/www.w3.org\/1999\/xlink\" id=\"body_1\" width=\"30\" height=\"30\"><g transform=\"matrix(1.3333334 0 0 1.3333334 0 0)\"><image x=\"0\" y=\"0\" xlink:href=\"data:image\/png;base64,iVBORw0KGgoAAAANSUhEUgAAAB4AAAAeCAYAAAA7MK6iAAAABGdBTUEAALGPC\/xhBQAAAAFzUkdCAK7OHOkAAAAgY0hSTQAAeiYAAICEAAD6AAAAgOgAAHUwAADqYAAAOpgAABdwnLpRPAAAAINJREFUSInt1ssJgDAQRdGLRYj234YFiBZgOXGhoIT8hLwJQi5kOyfMaqDXe1qADRitYXe\/A5hbwOa4oxHuw2Z4CDbBY7AcT8FSPAfL8BJYgpfCDthzw4aaP1P1ZdWTNVwdLYElaA6WoSlYisZgORqCTVAfNkPfsCkK17G30uDY6\/2zE6OSi2RvptvnAAAAAElFTkSuQmCC\" width=\"22.5\" height=\"22.5\"><\/image><\/g><\/svg>\t\t\t\t<\/span>\n\t\t\t<\/div>\n\t\t\t\n\t\t\t\t\t\t<div class=\"elementor-icon-box-content\">\n\n\t\t\t\t\t\t\t\t\t<p class=\"elementor-icon-box-title\">\n\t\t\t\t\t\t<span  >\n\t\t\t\t\t\t\tParallel zu dieser systematischen Datenerhebung werden alle relevanten Prozesse und Ergebnisse kontinuierlich im Rahmen eines Projekttagebuches und einer umfassenden Fotodokumentation festgehalten. Zahlreiche Referenzen von Schulleitungen, Lehrerinnen, Lehrern sowie der Sch\u00fclerinnen und Sch\u00fcler selbst best\u00e4tigen den Erfolg unserer Arbeit.\t\t\t\t\t\t<\/span>\n\t\t\t\t\t<\/p>\n\t\t\t\t\n\t\t\t\t\n\t\t\t<\/div>\n\t\t\t\n\t\t<\/div>\n\t\t\t\t\t\t<\/div>\n\t\t\t\t\t<\/div>\n\t\t<\/div>\n\t\t\t\t<div class=\"elementor-column elementor-col-50 elementor-inner-column elementor-element elementor-element-e6a45ad\" data-id=\"e6a45ad\" data-element_type=\"column\" data-settings=\"{&quot;background_background&quot;:&quot;classic&quot;}\">\n\t\t\t<div class=\"elementor-widget-wrap elementor-element-populated\">\n\t\t\t\t\t\t<div class=\"elementor-element elementor-element-d16a61c elementor-widget elementor-widget-image\" data-id=\"d16a61c\" data-element_type=\"widget\" data-widget_type=\"image.default\">\n\t\t\t\t\t\t\t\t\t\t\t\t\t\t\t<img loading=\"lazy\" decoding=\"async\" width=\"640\" height=\"428\" src=\"https:\/\/gesundeschule.com\/wp-content\/uploads\/2021\/12\/GALERIE-BILDER-SCHULE-2881-1024x685.jpg\" class=\"attachment-large size-large wp-image-11781\" alt=\"\" srcset=\"https:\/\/gesundeschule.com\/wp-content\/uploads\/2021\/12\/GALERIE-BILDER-SCHULE-2881-1024x685.jpg 1024w, https:\/\/gesundeschule.com\/wp-content\/uploads\/2021\/12\/GALERIE-BILDER-SCHULE-2881-300x201.jpg 300w, https:\/\/gesundeschule.com\/wp-content\/uploads\/2021\/12\/GALERIE-BILDER-SCHULE-2881-768x514.jpg 768w, https:\/\/gesundeschule.com\/wp-content\/uploads\/2021\/12\/GALERIE-BILDER-SCHULE-2881-1536x1028.jpg 1536w, https:\/\/gesundeschule.com\/wp-content\/uploads\/2021\/12\/GALERIE-BILDER-SCHULE-2881-24x16.jpg 24w, https:\/\/gesundeschule.com\/wp-content\/uploads\/2021\/12\/GALERIE-BILDER-SCHULE-2881-36x24.jpg 36w, https:\/\/gesundeschule.com\/wp-content\/uploads\/2021\/12\/GALERIE-BILDER-SCHULE-2881-48x32.jpg 48w, https:\/\/gesundeschule.com\/wp-content\/uploads\/2021\/12\/GALERIE-BILDER-SCHULE-2881-600x402.jpg 600w, https:\/\/gesundeschule.com\/wp-content\/uploads\/2021\/12\/GALERIE-BILDER-SCHULE-2881-272x182.jpg 272w, https:\/\/gesundeschule.com\/wp-content\/uploads\/2021\/12\/GALERIE-BILDER-SCHULE-2881.jpg 1936w\" sizes=\"(max-width: 640px) 100vw, 640px\" \/>\t\t\t\t\t\t\t\t\t\t\t\t\t\t\t<\/div>\n\t\t\t\t\t<\/div>\n\t\t<\/div>\n\t\t\t\t\t<\/div>\n\t\t<\/section>\n\t\t\t\t\t<\/div>\n\t\t<\/div>\n\t\t\t\t<div class=\"elementor-column elementor-col-16 elementor-top-column elementor-element elementor-element-2b4186b\" data-id=\"2b4186b\" data-element_type=\"column\">\n\t\t\t<div class=\"elementor-widget-wrap\">\n\t\t\t\t\t\t\t<\/div>\n\t\t<\/div>\n\t\t\t\t\t<\/div>\n\t\t<\/section>\n\t\t\t\t<\/div>\n\t\t","protected":false},"excerpt":{"rendered":"<p>FORSCHUNG Jedes wissenschaftliche Projekt ben\u00f6tigt intensive und sorgf\u00e4ltige Dokumentation und Evaluation. Nur so k\u00f6nnen daraus R\u00fcckschl\u00fcsse f\u00fcr das weitere Verfahren gezogen werden. FORSCHUNG\u00a0ERF\u00dcLLT\u00a0DEN\u00a0MENSCHLICHEN\u00a0URINSTINKT In den Prozess unser wissenschaftlichen Begleitung werden neben den Sch\u00fclerinnen und Sch\u00fclern auch die Lehrerinnen und Lehrer, sowie die Eltern (als unmittelbarer Bestandteil des sozialen Umfeldes und &hellip; <\/p>\n","protected":false},"author":4,"featured_media":0,"parent":0,"menu_order":0,"comment_status":"closed","ping_status":"closed","template":"","meta":{"pmpro_default_level":"","footnotes":""},"class_list":["post-11766","page","type-page","status-publish","hentry","pmpro-has-access"],"_links":{"self":[{"href":"https:\/\/gesundeschule.com\/index.php\/wp-json\/wp\/v2\/pages\/11766","targetHints":{"allow":["GET"]}}],"collection":[{"href":"https:\/\/gesundeschule.com\/index.php\/wp-json\/wp\/v2\/pages"}],"about":[{"href":"https:\/\/gesundeschule.com\/index.php\/wp-json\/wp\/v2\/types\/page"}],"author":[{"embeddable":true,"href":"https:\/\/gesundeschule.com\/index.php\/wp-json\/wp\/v2\/users\/4"}],"replies":[{"embeddable":true,"href":"https:\/\/gesundeschule.com\/index.php\/wp-json\/wp\/v2\/comments?post=11766"}],"version-history":[{"count":27,"href":"https:\/\/gesundeschule.com\/index.php\/wp-json\/wp\/v2\/pages\/11766\/revisions"}],"predecessor-version":[{"id":12430,"href":"https:\/\/gesundeschule.com\/index.php\/wp-json\/wp\/v2\/pages\/11766\/revisions\/12430"}],"wp:attachment":[{"href":"https:\/\/gesundeschule.com\/index.php\/wp-json\/wp\/v2\/media?parent=11766"}],"curies":[{"name":"wp","href":"https:\/\/api.w.org\/{rel}","templated":true}]}}